{"id":487,"date":"2020-11-25T19:26:01","date_gmt":"2020-11-25T18:26:01","guid":{"rendered":"https:\/\/michalwrzosek.pl\/sklep\/?page_id=487"},"modified":"2020-11-25T19:26:01","modified_gmt":"2020-11-25T18:26:01","slug":"power-band-mini-band-e-book-projekt-zdrowe-cialo-w-domu-dla-kobiet-i-mezczyzn","status":"publish","type":"page","link":"https:\/\/michalwrzosek.pl\/sklep\/power-band-mini-band-e-book-projekt-zdrowe-cialo-w-domu-dla-kobiet-i-mezczyzn\/","title":{"rendered":"Power Band + Mini Band + E-book &#8222;Projekt: Zdrowe cia\u0142o w domu. Dla kobiet i m\u0119\u017cczyzn&#8221;"},"content":{"rendered":"<p>416<\/p>\n","protected":false},"excerpt":{"rendered":"<p>416<\/p>\n","protected":false},"author":1,"featured_media":0,"parent":0,"menu_order":0,"comment_status":"closed","ping_status":"closed","template":"pakiet-band-pzc.php","meta":[],"yoast_head":"<!-- This site is optimized with the Yoast SEO plugin v15.2.1 - https:\/\/yoast.com\/wordpress\/plugins\/seo\/ -->\n<title>Power Band + Mini Band + E-book &quot;Projekt: Zdrowe cia\u0142o w domu. Dla kobiet i m\u0119\u017cczyzn&quot; - Micha\u0142 Wrzosek - Sklep<\/title>\n<meta name=\"robots\" content=\"index, follow, max-snippet:-1, max-image-preview:large, max-video-preview:-1\" \/>\n<link rel=\"canonical\" href=\"https:\/\/michalwrzosek.pl\/sklep\/power-band-mini-band-e-book-projekt-zdrowe-cialo-w-domu-dla-kobiet-i-mezczyzn\/\" \/>\n<meta property=\"og:locale\" content=\"pl_PL\" \/>\n<meta property=\"og:type\" content=\"article\" \/>\n<meta property=\"og:title\" content=\"Power Band + Mini Band + E-book &quot;Projekt: Zdrowe cia\u0142o w domu. Dla kobiet i m\u0119\u017cczyzn&quot; - Micha\u0142 Wrzosek - Sklep\" \/>\n<meta property=\"og:description\" content=\"416\" \/>\n<meta property=\"og:url\" content=\"https:\/\/michalwrzosek.pl\/sklep\/power-band-mini-band-e-book-projekt-zdrowe-cialo-w-domu-dla-kobiet-i-mezczyzn\/\" \/>\n<meta property=\"og:site_name\" content=\"Micha\u0142 Wrzosek - Sklep\" \/>\n<meta name=\"twitter:card\" content=\"summary_large_image\" \/>\n<meta name=\"twitter:label1\" content=\"Written by\">\n\t<meta name=\"twitter:data1\" content=\"admin\">\n\t<meta name=\"twitter:label2\" content=\"Est. reading time\">\n\t<meta name=\"twitter:data2\" content=\"0 minut\">\n<script type=\"application\/ld+json\" class=\"yoast-schema-graph\">{\"@context\":\"https:\/\/schema.org\",\"@graph\":[{\"@type\":\"WebSite\",\"@id\":\"https:\/\/michalwrzosek.pl\/sklep\/#website\",\"url\":\"https:\/\/michalwrzosek.pl\/sklep\/\",\"name\":\"Micha\\u0142 Wrzosek - Sklep\",\"description\":\"Nie ma lepszego miejsca na zakupy dla Twojego zdrowia\",\"potentialAction\":[{\"@type\":\"SearchAction\",\"target\":\"https:\/\/michalwrzosek.pl\/sklep\/?s={search_term_string}\",\"query-input\":\"required name=search_term_string\"}],\"inLanguage\":\"pl-PL\"},{\"@type\":\"WebPage\",\"@id\":\"https:\/\/michalwrzosek.pl\/sklep\/power-band-mini-band-e-book-projekt-zdrowe-cialo-w-domu-dla-kobiet-i-mezczyzn\/#webpage\",\"url\":\"https:\/\/michalwrzosek.pl\/sklep\/power-band-mini-band-e-book-projekt-zdrowe-cialo-w-domu-dla-kobiet-i-mezczyzn\/\",\"name\":\"Power Band + Mini Band + E-book \\\"Projekt: Zdrowe cia\\u0142o w domu. Dla kobiet i m\\u0119\\u017cczyzn\\\" - Micha\\u0142 Wrzosek - Sklep\",\"isPartOf\":{\"@id\":\"https:\/\/michalwrzosek.pl\/sklep\/#website\"},\"datePublished\":\"2020-11-25T18:26:01+00:00\",\"dateModified\":\"2020-11-25T18:26:01+00:00\",\"inLanguage\":\"pl-PL\",\"potentialAction\":[{\"@type\":\"ReadAction\",\"target\":[\"https:\/\/michalwrzosek.pl\/sklep\/power-band-mini-band-e-book-projekt-zdrowe-cialo-w-domu-dla-kobiet-i-mezczyzn\/\"]}]}]}<\/script>\n<!-- \/ Yoast SEO plugin. -->","_links":{"self":[{"href":"https:\/\/michalwrzosek.pl\/sklep\/wp-json\/wp\/v2\/pages\/487"}],"collection":[{"href":"https:\/\/michalwrzosek.pl\/sklep\/wp-json\/wp\/v2\/pages"}],"about":[{"href":"https:\/\/michalwrzosek.pl\/sklep\/wp-json\/wp\/v2\/types\/page"}],"author":[{"embeddable":true,"href":"https:\/\/michalwrzosek.pl\/sklep\/wp-json\/wp\/v2\/users\/1"}],"replies":[{"embeddable":true,"href":"https:\/\/michalwrzosek.pl\/sklep\/wp-json\/wp\/v2\/comments?post=487"}],"version-history":[{"count":1,"href":"https:\/\/michalwrzosek.pl\/sklep\/wp-json\/wp\/v2\/pages\/487\/revisions"}],"predecessor-version":[{"id":488,"href":"https:\/\/michalwrzosek.pl\/sklep\/wp-json\/wp\/v2\/pages\/487\/revisions\/488"}],"wp:attachment":[{"href":"https:\/\/michalwrzosek.pl\/sklep\/wp-json\/wp\/v2\/media?parent=487"}],"curies":[{"name":"wp","href":"https:\/\/api.w.org\/{rel}","templated":true}]}}